{"id":22,"date":"2024-03-09T23:21:33","date_gmt":"2024-03-09T20:21:33","guid":{"rendered":"https:\/\/viticolor.com\/?page_id=22"},"modified":"2024-03-10T00:16:40","modified_gmt":"2024-03-09T21:16:40","slug":"hakkimizda","status":"publish","type":"page","link":"https:\/\/viticolor.com\/index.php\/hakkimizda\/","title":{"rendered":"Hakk\u0131m\u0131zda"},"content":{"rendered":"\n\n\t<section class=\"section\" id=\"section_1080960308\">\n\t\t<div class=\"section-bg fill\" >\n\t\t\t\t\t\t\t\t\t\n\t\t\t\n\n\t\t<\/div>\n\n\t\t\n\n\t\t<div class=\"section-content relative\">\n\t\t\t\n\n\t<div id=\"gap-1169332339\" class=\"gap-element clearfix\" style=\"display:block; height:auto;\">\n\t\t\n<style>\n#gap-1169332339 {\n  padding-top: 30px;\n}\n<\/style>\n\t<\/div>\n\t\n\n<div class=\"row\"  id=\"row-1866497741\">\n\n\n\t<div id=\"col-1621951979\" class=\"col medium-12 small-12 large-8\"  >\n\t\t\t\t<div class=\"col-inner\"  >\n\t\t\t\n\t\t\t\n\n\n  <div class=\"banner has-hover\" id=\"banner-927618956\">\n          <div class=\"banner-inner fill\">\n        <div class=\"banner-bg fill\" >\n            <img loading=\"lazy\" decoding=\"async\" width=\"500\" height=\"500\" src=\"https:\/\/viticolor.com\/wp-content\/uploads\/2024\/03\/s-l500.jpeg\" class=\"bg attachment-medium_large size-medium_large\" alt=\"\" \/>                                    \n                    <\/div>\n\t\t\n        <div class=\"banner-layers container\">\n            <div class=\"fill banner-link\"><\/div>            \n\n   <div id=\"text-box-833212436\" class=\"text-box banner-layer x50 md-x50 lg-x50 y50 md-y50 lg-y50 res-text\">\n                                <div class=\"text-box-content text dark\">\n              \n              <div class=\"text-inner text-center\">\n                  \n\n\n              <\/div>\n           <\/div>\n                            \n<style>\n#text-box-833212436 {\n  width: 60%;\n}\n#text-box-833212436 .text-box-content {\n  font-size: 100%;\n}\n@media (min-width:550px) {\n  #text-box-833212436 {\n    width: 60%;\n  }\n}\n<\/style>\n    <\/div>\n \n\n        <\/div>\n      <\/div>\n\n            \n<style>\n#banner-927618956 {\n  padding-top: 300px;\n  background-color: rgba(255, 255, 255, 0);\n}\n@media (min-width:550px) {\n  #banner-927618956 {\n    padding-top: 638px;\n  }\n}\n<\/style>\n  <\/div>\n\n\n\n\t\t<\/div>\n\t\t\t\t\t<\/div>\n\n\t\n\n<\/div>\n<div class=\"row align-right\"  id=\"row-103639143\">\n\n\n\t<div id=\"col-791745134\" class=\"col medium-12 small-12 large-6\"  >\n\t\t\t\t<div class=\"col-inner\" style=\"background-color:rgb(255, 255, 255);\" >\n\t\t\t\n\t\t\t\n\n\t<div id=\"text-1345164400\" class=\"text\">\n\t\t\n\n<h2>Biz Kimiz ?<\/h2>\n\t\t\n<style>\n#text-1345164400 {\n  font-size: 1.25rem;\n}\n<\/style>\n\t<\/div>\n\t\n<p>Biz, ACM Pharmaceuticals olarak, vitiligo hastalar\u0131n\u0131n ya\u015fam kalitesini iyile\u015ftirmeyi ve do\u011fal g\u00f6r\u00fcn\u00fcmlerini geri kazanmalar\u0131na yard\u0131mc\u0131 olmay\u0131 hedefleyen bir ekibiz. T\u00fcrkiye&#8217;nin d\u00f6rt bir yan\u0131ndaki bireylerin ihtiya\u00e7lar\u0131n\u0131 kar\u015f\u0131lamak i\u00e7in \u00e7\u00f6z\u00fcmler sunuyoruz ve ACM Viticolor, bu vizyonumuzun bir par\u00e7as\u0131d\u0131r.<\/p>\n<p>Vitiligo, cildin melanin \u00fcreten h\u00fccrelerinin kayb\u0131ndan kaynaklanan bir durumdur ve etkilenen bireylerde ciltte belirgin beyaz lekeler olu\u015fur. Bu durum, sadece fiziksel olarak de\u011fil, ayn\u0131 zamanda duygusal olarak da etkileyici olabilir. Bu nedenle, ACM Pharmaceuticals olarak, vitiligo ile ya\u015fayan insanlara daha iyi bir ya\u015fam sunmak i\u00e7in \u00e7al\u0131\u015f\u0131yoruz.<\/p>\n<p>ACM Viticolor, vitiligo etkilenen ciltlerin do\u011fal rengine geri d\u00f6nmesine yard\u0131mc\u0131 olan \u00f6zel bir d\u00fczeltici jeldir. Bu yenilik\u00e7i \u00fcr\u00fcn, \u00f6zel pigmentlerin birle\u015fimiyle depigmente alanlar\u0131 renklendirir ve cildin do\u011fal bir g\u00f6r\u00fcn\u00fcm kazanmas\u0131na destek olur. Kullan\u0131m\u0131 kolay ve etkili olan ACM Viticolor, birka\u00e7 saat i\u00e7inde sonu\u00e7 verir ve etkisi 5 g\u00fcne kadar devam eder.<\/p>\n<p>ACM Pharmaceuticals olarak, vitiligo ile ya\u015fayan bireylerin kendilerine olan g\u00fcvenlerini yeniden kazanmalar\u0131na yard\u0131mc\u0131 olmak i\u00e7in m\u00fccadele ediyoruz. Sa\u011fl\u0131k ve g\u00fczellik alan\u0131nda yenilik\u00e7i \u00e7\u00f6z\u00fcmler sunarken, m\u00fc\u015fteri memnuniyetini ve kalite standartlar\u0131n\u0131 \u00f6n planda tutuyoruz.<\/p>\n<p>Biz, ACM Pharmaceuticals olarak, vitiligo ile ya\u015fayan bireylerin ya\u015famlar\u0131n\u0131 kolayla\u015ft\u0131rmak ve onlara umut vermek i\u00e7in buraday\u0131z. ACM Viticolor ile do\u011fal g\u00f6r\u00fcn\u00fcm\u00fcn\u00fcz\u00fc geri kazanmaya ad\u0131m at\u0131n ve hayat\u0131n\u0131z\u0131 renklendirin.<\/p>\n<a href=\"https:\/\/viticolor.com\/index.php\/iletisim\/\" class=\"button white\" style=\"border-radius:5px;padding:5px 20px 5px 20px;\">\n\t\t<span>\u0130leti\u015fim<\/span>\n\t<\/a>\n\n\n\n\t\t<\/div>\n\t\t\t\t\n<style>\n#col-791745134 > .col-inner {\n  padding: 7% 8% 5% 8%;\n  margin: -50px 0 0px 0px;\n}\n@media (min-width:550px) {\n  #col-791745134 > .col-inner {\n    padding: 6% 8% 5% 8%;\n  }\n}\n@media (min-width:850px) {\n  #col-791745134 > .col-inner {\n    padding: 8% 8% 5% 8%;\n    margin: -290px 0px 0px 0px;\n  }\n}\n<\/style>\n\t<\/div>\n\n\t\n\n<\/div>\n\n\t\t<\/div>\n\n\t\t\n<style>\n#section_1080960308 {\n  padding-top: 30px;\n  padding-bottom: 30px;\n  background-color: #273647;\n}\n@media (min-width:550px) {\n  #section_1080960308 {\n    padding-top: 50px;\n    padding-bottom: 50px;\n  }\n}\n<\/style>\n\t<\/section>\n\t\n\n","protected":false},"excerpt":{"rendered":"","protected":false},"author":1,"featured_media":0,"parent":0,"menu_order":0,"comment_status":"closed","ping_status":"closed","template":"","meta":{"om_disable_all_campaigns":false,"_monsterinsights_skip_tracking":false,"_monsterinsights_sitenote_active":false,"_monsterinsights_sitenote_note":"","_monsterinsights_sitenote_category":0,"footnotes":""},"aioseo_notices":[],"_links":{"self":[{"href":"https:\/\/viticolor.com\/index.php\/wp-json\/wp\/v2\/pages\/22"}],"collection":[{"href":"https:\/\/viticolor.com\/index.php\/wp-json\/wp\/v2\/pages"}],"about":[{"href":"https:\/\/viticolor.com\/index.php\/wp-json\/wp\/v2\/types\/page"}],"author":[{"embeddable":true,"href":"https:\/\/viticolor.com\/index.php\/wp-json\/wp\/v2\/users\/1"}],"replies":[{"embeddable":true,"href":"https:\/\/viticolor.com\/index.php\/wp-json\/wp\/v2\/comments?post=22"}],"version-history":[{"count":4,"href":"https:\/\/viticolor.com\/index.php\/wp-json\/wp\/v2\/pages\/22\/revisions"}],"predecessor-version":[{"id":58,"href":"https:\/\/viticolor.com\/index.php\/wp-json\/wp\/v2\/pages\/22\/revisions\/58"}],"wp:attachment":[{"href":"https:\/\/viticolor.com\/index.php\/wp-json\/wp\/v2\/media?parent=22"}],"curies":[{"name":"wp","href":"https:\/\/api.w.org\/{rel}","templated":true}]}}