{"id":59,"date":"2024-03-10T00:20:13","date_gmt":"2024-03-09T21:20:13","guid":{"rendered":"https:\/\/viticolor.com\/?post_type=product&#038;p=59"},"modified":"2026-02-12T13:15:58","modified_gmt":"2026-02-12T10:15:58","slug":"acm-viticolor-skin-camouflage-gel-50-ml","status":"publish","type":"product","link":"https:\/\/viticolor.com\/index.php\/product\/acm-viticolor-skin-camouflage-gel-50-ml\/","title":{"rendered":"ACM Viticolor Cilt Kamuflaj Jel 50 ml Sipari\u015f ver."},"content":{"rendered":"<p><a href=\"https:\/\/viticolor.com\/\">Viticolor<\/a> etkilenmi\u015f cildinizi do\u011fal pigmentasyonuna geri d\u00f6nd\u00fcrmenin kolay bir yolu, <a href=\"https:\/\/viticolor.com\/index.php\/product\/acm-viticolor-skin-camouflage-gel-50-ml\/\">ACM Viticolor<\/a>&#8216;un cilt tonunu birle\u015ftiren d\u00fczeltme jeli ile m\u00fcmk\u00fcnd\u00fcr. \u00d6zel pigmentleri bir araya getirir ve cilde uyguland\u0131ktan hemen sonra depigmente b\u00f6lgeleri hafif\u00e7e renklendirir. Sadece birka\u00e7 saat sonra ortaya \u00e7\u0131kan renk tonu derinle\u015fir ve cilt daha sonra 5 g\u00fcne kadar birle\u015fik, do\u011fal bir g\u00f6r\u00fcn\u00fcme sahip olur.<\/p>\n<p>Hemen e\u015fitsiz cilt tonunu birle\u015ftirir Cildin depigmente alanlar\u0131n\u0131 3-5 g\u00fcn boyunca boyar Yaln\u0131zca y\u00fcze de\u011fil, t\u00fcm v\u00fccuda da uygundur Hafif, ak\u0131\u015fkan k\u0131vam\u0131 sayesinde uygulamas\u0131 kolayd\u0131r Fototerapi ile birlikte kullan\u0131labilir Uygulama f\u0131r\u00e7as\u0131 dahildir \u0130\u00e7indekiler:<\/p>\n<p>\u00d6zel boyar maddeler &#8211; uygulama sonras\u0131 <a href=\"https:\/\/viticolor.com\/\">vitiligodan<\/a> etkilenen cilt alanlar\u0131n\u0131 hemen renklendirir DHA ve eritroz pigment bile\u015fenleri &#8211; cilde uzun s\u00fcreli birle\u015fik, do\u011fal bir g\u00f6r\u00fcn\u00fcm sa\u011flar Parf\u00fcms\u00fczd\u00fcr Nas\u0131l Uygulan\u0131r:<\/p>\n<h4><strong>ACM Viticolor: Vitiligo \u0130\u00e7in Do\u011fal Bir \u00c7\u00f6z\u00fcm<\/strong><\/h4>\n<p>Vitiligo, melanin \u00fcreten h\u00fccrelerdeki kay\u0131plar nedeniyle ciltte beyaz lekelerin olu\u015ftu\u011fu bir pigmentasyon bozuklu\u011fudur. Bu durum, etkilenen ki\u015filerin ciltlerinde e\u015fitsiz bir renk da\u011f\u0131l\u0131m\u0131na neden olabilir ve bazen \u00f6zg\u00fcvenlerini etkileyebilir. Neyse ki, ACM Viticolor&#8217;un \u00f6zel form\u00fcl\u00fc, vitiligo gibi depigmentasyon sorunlar\u0131na \u00e7\u00f6z\u00fcm sunar.<\/p>\n<h4><strong>H\u0131zl\u0131 ve Etkili Renklendirme<\/strong><\/h4>\n<p>ACM Viticolor&#8217;un cilt tonunu birle\u015ftiren d\u00fczeltme jeli, \u00f6zel boyar maddeleri sayesinde depigmente b\u00f6lgeleri h\u0131zla renklendirir. Bu \u00f6zel form\u00fcl, cilde uyguland\u0131ktan hemen sonra etkisini g\u00f6sterir ve k\u0131sa bir s\u00fcre i\u00e7inde renk tonunu derinle\u015ftirir. Bu sayede, cilt do\u011fal ve birle\u015fik bir g\u00f6r\u00fcn\u00fcm kazan\u0131r.<\/p>\n<h4><strong>Kolay Uygulama<\/strong><\/h4>\n<p>Bu \u00fcr\u00fcn\u00fcn en b\u00fcy\u00fck avantajlar\u0131ndan biri de kullan\u0131m\u0131n\u0131n kolay olmas\u0131d\u0131r. Hafif ve ak\u0131\u015fkan k\u0131vam\u0131 sayesinde uygulamas\u0131 olduk\u00e7a basittir. Ayr\u0131ca, yaln\u0131zca y\u00fcz de\u011fil, t\u00fcm v\u00fccuda da uygulanabilir, bu da pratik bir \u00e7\u00f6z\u00fcm sunar. \u00dcstelik, uygulama f\u0131r\u00e7as\u0131 da paketin i\u00e7inde bulunmaktad\u0131r, b\u00f6ylece \u00fcr\u00fcn\u00fc daha kolay ve hassas bir \u015fekilde uygulayabilirsiniz.<\/p>\n<h4><strong>Uzun S\u00fcreli Sonu\u00e7lar<\/strong><\/h4>\n<p><a href=\"https:\/\/www.labo-acm.com\/en\/vitix-range-for-vitiligo\/157-vitix-comprimes-3760095250083.html\">ACM Viticolor<\/a>&#8216;un i\u00e7eri\u011finde bulunan DHA ve eritroz pigment bile\u015fenleri, cilde uzun s\u00fcreli birle\u015fik bir g\u00f6r\u00fcn\u00fcm kazand\u0131r\u0131r. Ayr\u0131ca, \u00fcr\u00fcn\u00fcn parf\u00fcms\u00fcz olmas\u0131 da hassas ciltler i\u00e7in idealdir.<\/p>\n<h4><strong>Kullan\u0131m Talimatlar\u0131<\/strong><\/h4>\n<p>Bu \u00fcr\u00fcn\u00fc kullanman\u0131n \u00f6nerilen y\u00f6ntemi haftada 1-2 kez uygulamakt\u0131r. Sa\u011flanan f\u0131r\u00e7a ile cildin depigmente b\u00f6lgelerine uygulayarak, merkezden d\u0131\u015far\u0131 do\u011fru yayman\u0131z ve emilmesine izin vermeniz yeterlidir. Elde edilen renk tonundan memnun de\u011filseniz, 8 saat sonra jeli tekrar uygulayabilirsiniz.<\/p>\n<hr \/>\n<p>Sonu\u00e7 olarak, ACM Viticolor&#8217;un cilt tonunu birle\u015ftiren d\u00fczeltme jeli, vitiligo gibi cilt pigmentasyonu sorunlar\u0131na pratik ve etkili bir \u00e7\u00f6z\u00fcm sunar. Hafif form\u00fcl\u00fc ve kolay uygulanabilirli\u011fi ile cildinizdeki e\u015fitsiz renk da\u011f\u0131l\u0131m\u0131n\u0131 d\u00fczeltebilir ve do\u011fal bir g\u00f6r\u00fcn\u00fcm elde edebilirsiniz.<\/p>\n","protected":false},"excerpt":{"rendered":"<p>ACM Viticolor, vitiligodan etkilenmi\u015f cildi do\u011fal pigmentasyonuna geri d\u00f6nd\u00fcren bir d\u00fczeltme jelidir. \u00d6zel pigmentler i\u00e7erir, cilde uyguland\u0131ktan hemen sonra depigmente b\u00f6lgeleri hafif\u00e7e renklendirir ve birka\u00e7 saat i\u00e7inde daha derin ve do\u011fal bir ton elde edilmesini sa\u011flar. Haftada 1-2 kez kullan\u0131labilir, y\u00fcz ve v\u00fccut i\u00e7in uygundur ve fototerapi ile birlikte kullan\u0131labilir.<\/p>\n","protected":false},"featured_media":61,"comment_status":"open","ping_status":"closed","template":"","meta":{"om_disable_all_campaigns":false,"_monsterinsights_skip_tracking":false,"_monsterinsights_sitenote_active":false,"_monsterinsights_sitenote_note":"","_monsterinsights_sitenote_category":0},"product_cat":[24],"product_tag":[28,26,30,23,25,29,27],"aioseo_notices":[],"_links":{"self":[{"href":"https:\/\/viticolor.com\/index.php\/wp-json\/wp\/v2\/product\/59"}],"collection":[{"href":"https:\/\/viticolor.com\/index.php\/wp-json\/wp\/v2\/product"}],"about":[{"href":"https:\/\/viticolor.com\/index.php\/wp-json\/wp\/v2\/types\/product"}],"replies":[{"embeddable":true,"href":"https:\/\/viticolor.com\/index.php\/wp-json\/wp\/v2\/comments?post=59"}],"wp:featuredmedia":[{"embeddable":true,"href":"https:\/\/viticolor.com\/index.php\/wp-json\/wp\/v2\/media\/61"}],"wp:attachment":[{"href":"https:\/\/viticolor.com\/index.php\/wp-json\/wp\/v2\/media?parent=59"}],"wp:term":[{"taxonomy":"product_cat","embeddable":true,"href":"https:\/\/viticolor.com\/index.php\/wp-json\/wp\/v2\/product_cat?post=59"},{"taxonomy":"product_tag","embeddable":true,"href":"https:\/\/viticolor.com\/index.php\/wp-json\/wp\/v2\/product_tag?post=59"}],"curies":[{"name":"wp","href":"https:\/\/api.w.org\/{rel}","templated":true}]}}